{"id":1846,"date":"2021-06-09T11:32:16","date_gmt":"2021-06-09T14:32:16","guid":{"rendered":"https:\/\/www.riehlatinoamerica.org\/?page_id=1846"},"modified":"2021-06-15T18:43:23","modified_gmt":"2021-06-15T21:43:23","slug":"democracia-economica","status":"publish","type":"page","link":"https:\/\/www.riehlatinoamerica.org\/index.php\/democracia-economica\/","title":{"rendered":"Democracia econ\u00f3mica"},"content":{"rendered":"<div id=\"pl-1846\"  class=\"panel-layout\" ><div id=\"pg-1846-0\"  class=\"panel-grid panel-no-style\" ><div id=\"pgc-1846-0-0\"  class=\"panel-grid-cell\" ><div id=\"panel-1846-0-0-0\" class=\"so-panel widget widget_icon-box panel-first-child panel-last-child\" data-index=\"0\" ><div class=\"panel-widget-style panel-widget-style-for-1846-0-0-0\" ><div class=\"thim-widget-icon-box thim-widget-icon-box-base template-base\"><div class=\"wrapper-box-icon text-center  \"  ><div class=\"smicon-box iconbox-left\"><div class=\"boxes-icon\" style=\"width: 50px;height: 80px;\"><a class=\"icon-box-link\" target=\"_self\" href=\"https:\/\/www.riehlatinoamerica.org\/index.php\/documentos-por-fecha-2\/\" style=\"color: #ffffff;font-size: 20px; line-height: 20px;font-weight: normal;margin-top: 30px;\"><span class=\"inner-icon\"><span class=\"icon\"><i class=\"fa fa-calendar\" style=\"color:#ffffff; font-size:40px; line-height:40px; vertical-align: middle;\"><\/i><\/span><\/span><\/a><\/div><div class=\"content-inner\"  style=\"width: calc( 100% - 50px - 15px);\"><div class=\"sc-heading article_heading\"><h2 class = \"heading__primary\" style=\"color: #ffffff;font-size: 20px; line-height: 20px;font-weight: normal;margin-top: 30px;\"><a class=\"icon-box-link\" target=\"_self\" href=\"https:\/\/www.riehlatinoamerica.org\/index.php\/documentos-por-fecha-2\/\" style=\"color: #ffffff;font-size: 20px; line-height: 20px;font-weight: normal;margin-top: 30px;\">Documentos por fecha<\/a><\/h2><\/div><\/div><\/div><!--end smicon-box--><\/div><\/div><\/div><\/div><\/div><div id=\"pgc-1846-0-1\"  class=\"panel-grid-cell\" ><div id=\"panel-1846-0-1-0\" class=\"so-panel widget widget_icon-box panel-first-child panel-last-child\" data-index=\"1\" ><div class=\"panel-widget-style panel-widget-style-for-1846-0-1-0\" ><div class=\"thim-widget-icon-box thim-widget-icon-box-base template-base\"><div class=\"wrapper-box-icon text-center  \"  ><div class=\"smicon-box iconbox-left\"><div class=\"boxes-icon\" style=\"width: 50px;height: 80px;\"><a class=\"icon-box-link\" target=\"_self\" href=\"https:\/\/www.riehlatinoamerica.org\/index.php\/documentos-area-tematica\/\" style=\"color: #ffffff;font-size: 20px; line-height: 20px;font-weight: normal;margin-top: 30px;\"><span class=\"inner-icon\"><span class=\"icon\"><i class=\"fa fa-edit\" style=\"color:#ffffff; font-size:40px; line-height:40px; vertical-align: middle;\"><\/i><\/span><\/span><\/a><\/div><div class=\"content-inner\"  style=\"width: calc( 100% - 50px - 15px);\"><div class=\"sc-heading article_heading\"><h2 class = \"heading__primary\" style=\"color: #ffffff;font-size: 20px; line-height: 20px;font-weight: normal;margin-top: 30px;\"><a class=\"icon-box-link\" target=\"_self\" href=\"https:\/\/www.riehlatinoamerica.org\/index.php\/documentos-area-tematica\/\" style=\"color: #ffffff;font-size: 20px; line-height: 20px;font-weight: normal;margin-top: 30px;\">Documentos por \u00e1rea tem\u00e1tica<\/a><\/h2><\/div><\/div><\/div><!--end smicon-box--><\/div><\/div><\/div><\/div><\/div><div id=\"pgc-1846-0-2\"  class=\"panel-grid-cell\" ><div id=\"panel-1846-0-2-0\" class=\"so-panel widget widget_icon-box panel-first-child panel-last-child\" data-index=\"2\" ><div class=\"panel-widget-style panel-widget-style-for-1846-0-2-0\" ><div class=\"thim-widget-icon-box thim-widget-icon-box-base template-base\"><div class=\"wrapper-box-icon text-center  \"  ><div class=\"smicon-box iconbox-left\"><div class=\"boxes-icon\" style=\"width: 50px;height: 80px;\"><a class=\"icon-box-link\" target=\"_self\" href=\"https:\/\/www.riehlatinoamerica.org\/index.php\/documentos-por-tipo-de-documento\/\" style=\"color: #ffffff;font-size: 20px; line-height: 20px;font-weight: normal;margin-top: 30px;\"><span class=\"inner-icon\"><span class=\"icon\"><i class=\"fa fa-paste\" style=\"color:#ffffff; font-size:40px; line-height:40px; vertical-align: middle;\"><\/i><\/span><\/span><\/a><\/div><div class=\"content-inner\"  style=\"width: calc( 100% - 50px - 15px);\"><div class=\"sc-heading article_heading\"><h2 class = \"heading__primary\" style=\"color: #ffffff;font-size: 20px; line-height: 20px;font-weight: normal;margin-top: 30px;\"><a class=\"icon-box-link\" target=\"_self\" href=\"https:\/\/www.riehlatinoamerica.org\/index.php\/documentos-por-tipo-de-documento\/\" style=\"color: #ffffff;font-size: 20px; line-height: 20px;font-weight: normal;margin-top: 30px;\">Documentos por tipo de documento<\/a><\/h2><\/div><\/div><\/div><!--end smicon-box--><\/div><\/div><\/div><\/div><\/div><div id=\"pgc-1846-0-3\"  class=\"panel-grid-cell\" ><div id=\"panel-1846-0-3-0\" class=\"so-panel widget widget_icon-box panel-first-child panel-last-child\" data-index=\"3\" ><div class=\"panel-widget-style panel-widget-style-for-1846-0-3-0\" ><div class=\"thim-widget-icon-box thim-widget-icon-box-base template-base\"><div class=\"wrapper-box-icon text-center  \"  ><div class=\"smicon-box iconbox-left\"><div class=\"boxes-icon\" style=\"width: 50px;height: 80px;\"><a class=\"icon-box-link\" target=\"_self\" href=\"https:\/\/www.riehlatinoamerica.org\/index.php\/repositorio-l-j-lebret\/\" style=\"color: #ffffff;font-size: 20px; line-height: 20px;font-weight: normal;margin-top: 30px;\"><span class=\"inner-icon\"><span class=\"icon\"><i class=\"fa fa-book\" style=\"color:#ffffff; font-size:40px; line-height:40px; vertical-align: middle;\"><\/i><\/span><\/span><\/a><\/div><div class=\"content-inner\"  style=\"width: calc( 100% - 50px - 15px);\"><div class=\"sc-heading article_heading\"><h2 class = \"heading__primary\" style=\"color: #ffffff;font-size: 20px; line-height: 20px;font-weight: normal;margin-top: 30px;\"><a class=\"icon-box-link\" target=\"_self\" href=\"https:\/\/www.riehlatinoamerica.org\/index.php\/repositorio-l-j-lebret\/\" style=\"color: #ffffff;font-size: 20px; line-height: 20px;font-weight: normal;margin-top: 30px;\">Volver al repositorio<\/a><\/h2><\/div><\/div><\/div><!--end smicon-box--><\/div><\/div><\/div><\/div><\/div><\/div><div id=\"pg-1846-1\"  class=\"panel-grid panel-no-style\" ><div id=\"pgc-1846-1-0\"  class=\"panel-grid-cell\" ><div id=\"panel-1846-1-0-0\" class=\"so-panel widget widget_list-post panel-first-child panel-last-child\" data-index=\"4\" ><div class=\"thim-widget-list-post thim-widget-list-post-base template-base\"><div class=\"thim-list-posts \">\t\t\t<div class=\"item-post post-1786 post type-post status-publish format-standard hentry category-1946-1951 category-democracia-economica category-documentos-l-j-lebret category-economia-humana-postulados-metodo-etica-valores category-economia-humanista-humanismo-desarrollo-humano-necesidades-humanas category-por-temas category-repositorio category-tipo-de-documento category-transcripciones-conferencias-charlas tag-economia-humana tag-economia-humanista tag-etica-democracia-economica tag-humanismo tag-postulados-economia-humana\">\n\t\t\t\t<div class=\"article-title-wrapper\"><h5><a href=\"https:\/\/www.riehlatinoamerica.org\/index.php\/2021\/06\/09\/lebret-l-j-1947-definicion-y-lugar-de-la-eh-postulados-de-la-eh\/\" class=\"article-title\">Definici\u00f3n y lugar de la EH. Postulados de la EH.<\/a><\/h5><div class=\"article-date\"><span class=\"day\">09<\/span><span class=\"month\">Jun<\/span><span class=\"year\">2021<\/span><\/div><p>Lebret, Louis Joseph Definici\u00f3n y lugar de la EH....<\/p><\/div>\t\t\t<\/div>\n\t\t\t<\/div><\/div><\/div><\/div><div id=\"pgc-1846-1-1\"  class=\"panel-grid-cell\" ><div id=\"panel-1846-1-1-0\" class=\"so-panel widget widget_sow-editor panel-first-child\" data-index=\"5\" ><div\n\t\t\t\n\t\t\tclass=\"so-widget-sow-editor so-widget-sow-editor-base\"\n\t\t\t\n\t\t>\n<div class=\"siteorigin-widget-tinymce textwidget\">\n\t<h4>\u00c1rea tem\u00e1tica<\/h4>\n<\/div>\n<\/div><\/div><div id=\"panel-1846-1-1-1\" class=\"so-panel widget widget_nav_menu panel-last-child\" data-index=\"6\" ><div class=\"menu-por-area-tematica-container\"><ul id=\"menu-por-area-tematica\" class=\"menu\"><li id=\"menu-item-1882\" class=\"menu-item menu-item-type-post_type menu-item-object-page menu-item-1882 tc-menu-item tc-menu-depth-0 tc-menu-align-left tc-menu-layout-default\"><a href=\"https:\/\/www.riehlatinoamerica.org\/index.php\/economia-humana-postulados-metodo-etica-valores\/\" class=\"tc-menu-inner\"><span class='tc-icon fa fa-edit'><\/span>Econom\u00eda humana\/Postulados\/M\u00e9todo\/ \u00c9tica \/Valores<\/a><\/li>\n<li id=\"menu-item-1881\" class=\"menu-item menu-item-type-post_type menu-item-object-page menu-item-1881 tc-menu-item tc-menu-depth-0 tc-menu-align-left tc-menu-layout-default\"><a href=\"https:\/\/www.riehlatinoamerica.org\/index.php\/economia-humanista-humanismo-desarrollo-humano-necesidades-humanas\/\" class=\"tc-menu-inner\"><span class='tc-icon fa fa-edit active'><\/span>Econom\u00eda humanista\/ Humanismo\/ Desarrollo humano\/ Necesidades humanas<\/a><\/li>\n<li id=\"menu-item-1879\" class=\"menu-item menu-item-type-post_type menu-item-object-page menu-item-1879 tc-menu-item tc-menu-depth-0 tc-menu-align-left tc-menu-layout-default\"><a href=\"https:\/\/www.riehlatinoamerica.org\/index.php\/territorio-desarrollo-local-planificacion-territorial-urbanismo\/\" class=\"tc-menu-inner\"><span class='tc-icon fa fa-edit active'><\/span>Territorio\/Desarrollo local\/Planificaci\u00f3n territorial \/Urbanismo<\/a><\/li>\n<li id=\"menu-item-1883\" class=\"menu-item menu-item-type-post_type menu-item-object-page menu-item-1883 tc-menu-item tc-menu-depth-0 tc-menu-align-left tc-menu-layout-default\"><a href=\"https:\/\/www.riehlatinoamerica.org\/index.php\/desarrollo-desarrollo-integral-desarrollo-armonico-proyectos-de-desarrollo\/\" class=\"tc-menu-inner\"><span class='tc-icon fa fa-edit active'><\/span>Desarrollo\/Desarrollo integral \/Desarrollo arm\u00f3nico\/ Proyectos de desarrollo<\/a><\/li>\n<li id=\"menu-item-1880\" class=\"menu-item menu-item-type-post_type menu-item-object-page menu-item-1880 tc-menu-item tc-menu-depth-0 tc-menu-align-left tc-menu-layout-default\"><a href=\"https:\/\/www.riehlatinoamerica.org\/index.php\/nueva-civilizacion\/\" class=\"tc-menu-inner\"><span class='tc-icon fa fa-edit active'><\/span>Nueva civilizaci\u00f3n<\/a><\/li>\n<li id=\"menu-item-1884\" class=\"menu-item menu-item-type-post_type menu-item-object-page menu-item-1884 tc-menu-item tc-menu-depth-0 tc-menu-align-left tc-menu-layout-default\"><a href=\"https:\/\/www.riehlatinoamerica.org\/index.php\/democracia-economica\/\" class=\"tc-menu-inner\"><span class='tc-icon fa fa-edit active'><\/span>Democracia econ\u00f3mica<\/a><\/li>\n<\/ul><\/div><\/div><\/div><\/div><\/div>","protected":false},"excerpt":{"rendered":"<p>Lebret, Louis Joseph Definici\u00f3n y lugar de la EH. Postulados de la EH Econom\u00eda humana \u00c9tica Democracia econ\u00f3mica Humanismo Econom\u00eda humanista Postulados econom\u00eda humana 1947 &#8220;Estos dos primeros cap\u00edtulos han &hellip; <\/p>\n","protected":false},"author":2,"featured_media":0,"parent":0,"menu_order":0,"comment_status":"closed","ping_status":"closed","template":"","meta":{"_bbp_topic_count":0,"_bbp_reply_count":0,"_bbp_total_topic_count":0,"_bbp_total_reply_count":0,"_bbp_voice_count":0,"_bbp_anonymous_reply_count":0,"_bbp_topic_count_hidden":0,"_bbp_reply_count_hidden":0,"_bbp_forum_subforum_count":0,"spay_email":"","_links_to":"","_links_to_target":""},"_links":{"self":[{"href":"https:\/\/www.riehlatinoamerica.org\/index.php\/wp-json\/wp\/v2\/pages\/1846"}],"collection":[{"href":"https:\/\/www.riehlatinoamerica.org\/index.php\/wp-json\/wp\/v2\/pages"}],"about":[{"href":"https:\/\/www.riehlatinoamerica.org\/index.php\/wp-json\/wp\/v2\/types\/page"}],"author":[{"embeddable":true,"href":"https:\/\/www.riehlatinoamerica.org\/index.php\/wp-json\/wp\/v2\/users\/2"}],"replies":[{"embeddable":true,"href":"https:\/\/www.riehlatinoamerica.org\/index.php\/wp-json\/wp\/v2\/comments?post=1846"}],"version-history":[{"count":11,"href":"https:\/\/www.riehlatinoamerica.org\/index.php\/wp-json\/wp\/v2\/pages\/1846\/revisions"}],"predecessor-version":[{"id":2340,"href":"https:\/\/www.riehlatinoamerica.org\/index.php\/wp-json\/wp\/v2\/pages\/1846\/revisions\/2340"}],"wp:attachment":[{"href":"https:\/\/www.riehlatinoamerica.org\/index.php\/wp-json\/wp\/v2\/media?parent=1846"}],"curies":[{"name":"wp","href":"https:\/\/api.w.org\/{rel}","templated":true}]}}