{"id":1873,"date":"2021-06-09T11:47:08","date_gmt":"2021-06-09T14:47:08","guid":{"rendered":"https:\/\/www.riehlatinoamerica.org\/?page_id=1873"},"modified":"2021-06-15T18:28:19","modified_gmt":"2021-06-15T21:28:19","slug":"sin-datos-precisos-de-publicacion","status":"publish","type":"page","link":"https:\/\/www.riehlatinoamerica.org\/index.php\/sin-datos-precisos-de-publicacion\/","title":{"rendered":"Sin datos precisos de publicaci\u00f3n"},"content":{"rendered":"<div id=\"pl-1873\"  class=\"panel-layout\" ><div id=\"pg-1873-0\"  class=\"panel-grid panel-no-style\" ><div id=\"pgc-1873-0-0\"  class=\"panel-grid-cell\" ><div id=\"panel-1873-0-0-0\" class=\"so-panel widget widget_icon-box panel-first-child panel-last-child\" data-index=\"0\" ><div class=\"panel-widget-style panel-widget-style-for-1873-0-0-0\" ><div class=\"thim-widget-icon-box thim-widget-icon-box-base template-base\"><div class=\"wrapper-box-icon text-center  \"  ><div class=\"smicon-box iconbox-left\"><div class=\"boxes-icon\" style=\"width: 50px;height: 80px;\"><a class=\"icon-box-link\" target=\"_self\" href=\"https:\/\/www.riehlatinoamerica.org\/index.php\/documentos-por-fecha-2\/\" style=\"color: #ffffff;font-size: 20px; line-height: 20px;font-weight: normal;margin-top: 30px;\"><span class=\"inner-icon\"><span class=\"icon\"><i class=\"fa fa-calendar\" style=\"color:#ffffff; font-size:40px; line-height:40px; vertical-align: middle;\"><\/i><\/span><\/span><\/a><\/div><div class=\"content-inner\"  style=\"width: calc( 100% - 50px - 15px);\"><div class=\"sc-heading article_heading\"><h2 class = \"heading__primary\" style=\"color: #ffffff;font-size: 20px; line-height: 20px;font-weight: normal;margin-top: 30px;\"><a class=\"icon-box-link\" target=\"_self\" href=\"https:\/\/www.riehlatinoamerica.org\/index.php\/documentos-por-fecha-2\/\" style=\"color: #ffffff;font-size: 20px; line-height: 20px;font-weight: normal;margin-top: 30px;\">Documentos por fecha<\/a><\/h2><\/div><\/div><\/div><!--end smicon-box--><\/div><\/div><\/div><\/div><\/div><div id=\"pgc-1873-0-1\"  class=\"panel-grid-cell\" ><div id=\"panel-1873-0-1-0\" class=\"so-panel widget widget_icon-box panel-first-child panel-last-child\" data-index=\"1\" ><div class=\"panel-widget-style panel-widget-style-for-1873-0-1-0\" ><div class=\"thim-widget-icon-box thim-widget-icon-box-base template-base\"><div class=\"wrapper-box-icon text-center  \"  ><div class=\"smicon-box iconbox-left\"><div class=\"boxes-icon\" style=\"width: 50px;height: 80px;\"><a class=\"icon-box-link\" target=\"_self\" href=\"https:\/\/www.riehlatinoamerica.org\/index.php\/documentos-area-tematica\/\" style=\"color: #ffffff;font-size: 20px; line-height: 20px;font-weight: normal;margin-top: 30px;\"><span class=\"inner-icon\"><span class=\"icon\"><i class=\"fa fa-edit\" style=\"color:#ffffff; font-size:40px; line-height:40px; vertical-align: middle;\"><\/i><\/span><\/span><\/a><\/div><div class=\"content-inner\"  style=\"width: calc( 100% - 50px - 15px);\"><div class=\"sc-heading article_heading\"><h2 class = \"heading__primary\" style=\"color: #ffffff;font-size: 20px; line-height: 20px;font-weight: normal;margin-top: 30px;\"><a class=\"icon-box-link\" target=\"_self\" href=\"https:\/\/www.riehlatinoamerica.org\/index.php\/documentos-area-tematica\/\" style=\"color: #ffffff;font-size: 20px; line-height: 20px;font-weight: normal;margin-top: 30px;\">Documentos por \u00e1rea tem\u00e1tica<\/a><\/h2><\/div><\/div><\/div><!--end smicon-box--><\/div><\/div><\/div><\/div><\/div><div id=\"pgc-1873-0-2\"  class=\"panel-grid-cell\" ><div id=\"panel-1873-0-2-0\" class=\"so-panel widget widget_icon-box panel-first-child panel-last-child\" data-index=\"2\" ><div class=\"panel-widget-style panel-widget-style-for-1873-0-2-0\" ><div class=\"thim-widget-icon-box thim-widget-icon-box-base template-base\"><div class=\"wrapper-box-icon text-center  \"  ><div class=\"smicon-box iconbox-left\"><div class=\"boxes-icon\" style=\"width: 50px;height: 80px;\"><a class=\"icon-box-link\" target=\"_self\" href=\"https:\/\/www.riehlatinoamerica.org\/index.php\/documentos-por-tipo-de-documento\/\" style=\"color: #ffffff;font-size: 20px; line-height: 20px;font-weight: normal;margin-top: 30px;\"><span class=\"inner-icon\"><span class=\"icon\"><i class=\"fa fa-paste\" style=\"color:#ffffff; font-size:40px; line-height:40px; vertical-align: middle;\"><\/i><\/span><\/span><\/a><\/div><div class=\"content-inner\"  style=\"width: calc( 100% - 50px - 15px);\"><div class=\"sc-heading article_heading\"><h2 class = \"heading__primary\" style=\"color: #ffffff;font-size: 20px; line-height: 20px;font-weight: normal;margin-top: 30px;\"><a class=\"icon-box-link\" target=\"_self\" href=\"https:\/\/www.riehlatinoamerica.org\/index.php\/documentos-por-tipo-de-documento\/\" style=\"color: #ffffff;font-size: 20px; line-height: 20px;font-weight: normal;margin-top: 30px;\">Documentos por tipo de documento<\/a><\/h2><\/div><\/div><\/div><!--end smicon-box--><\/div><\/div><\/div><\/div><\/div><div id=\"pgc-1873-0-3\"  class=\"panel-grid-cell\" ><div id=\"panel-1873-0-3-0\" class=\"so-panel widget widget_icon-box panel-first-child panel-last-child\" data-index=\"3\" ><div class=\"panel-widget-style panel-widget-style-for-1873-0-3-0\" ><div class=\"thim-widget-icon-box thim-widget-icon-box-base template-base\"><div class=\"wrapper-box-icon text-center  \"  ><div class=\"smicon-box iconbox-left\"><div class=\"boxes-icon\" style=\"width: 50px;height: 80px;\"><a class=\"icon-box-link\" target=\"_self\" href=\"https:\/\/www.riehlatinoamerica.org\/index.php\/repositorio-l-j-lebret\/\" style=\"color: #ffffff;font-size: 20px; line-height: 20px;font-weight: normal;margin-top: 30px;\"><span class=\"inner-icon\"><span class=\"icon\"><i class=\"fa fa-book\" style=\"color:#ffffff; font-size:40px; line-height:40px; vertical-align: middle;\"><\/i><\/span><\/span><\/a><\/div><div class=\"content-inner\"  style=\"width: calc( 100% - 50px - 15px);\"><div class=\"sc-heading article_heading\"><h2 class = \"heading__primary\" style=\"color: #ffffff;font-size: 20px; line-height: 20px;font-weight: normal;margin-top: 30px;\"><a class=\"icon-box-link\" target=\"_self\" href=\"https:\/\/www.riehlatinoamerica.org\/index.php\/repositorio-l-j-lebret\/\" style=\"color: #ffffff;font-size: 20px; line-height: 20px;font-weight: normal;margin-top: 30px;\">Volver al repositorio<\/a><\/h2><\/div><\/div><\/div><!--end smicon-box--><\/div><\/div><\/div><\/div><\/div><\/div><div id=\"pg-1873-1\"  class=\"panel-grid panel-no-style\" ><div id=\"pgc-1873-1-0\"  class=\"panel-grid-cell\" ><div id=\"panel-1873-1-0-0\" class=\"so-panel widget widget_list-post panel-first-child panel-last-child\" data-index=\"4\" ><div class=\"thim-widget-list-post thim-widget-list-post-base template-base\"><div class=\"thim-list-posts \">\t\t\t<div class=\"item-post post-1793 post type-post status-publish format-standard hentry category-1946-1951 category-documentos-l-j-lebret category-economia-humana-postulados-metodo-etica-valores category-economia-humanista-humanismo-desarrollo-humano-necesidades-humanas category-nueva-civilizacion category-por-fecha category-por-temas category-repositorio category-sin-datos-precisos-de-publicacion category-tipo-de-documento tag-economia-humana tag-etica-humanismo tag-metodo-de-la-economia-humana tag-nueva-civilizacion tag-valores\">\n\t\t\t\t<div class=\"article-title-wrapper\"><h5><a href=\"https:\/\/www.riehlatinoamerica.org\/index.php\/2021\/06\/09\/lebret-l-j-1954b-vision-global-de-la-economia-humana\/\" class=\"article-title\">Visi\u00f3n global de la Econom\u00eda Humana.<\/a><\/h5><div class=\"article-date\"><span class=\"day\">09<\/span><span class=\"month\">Jun<\/span><span class=\"year\">2021<\/span><\/div><p>Lebret, Louis Joseph VISI\u00d3N GLOBAL DE LA ECONOM\u00cdA HUMANA...<\/p><\/div>\t\t\t<\/div>\n\t\t\t\t\t\t<div class=\"item-post post-1814 post type-post status-publish format-standard hentry category-1956-1960 category-desarrollo-desarrollo-integral-desarrollo-armonico-proyectos-de-desarrollo category-documentos-l-j-lebret category-economia-humana-postulados-metodo-etica-valores category-economia-humanista-humanismo-desarrollo-humano-necesidades-humanas category-por-fecha category-por-temas category-repositorio category-sin-datos-precisos-de-publicacion category-tipo-de-documento tag-desarrollo tag-economia-humana tag-etica tag-humanismo tag-metodo-de-la-economia-humana tag-necesidades-humanas\">\n\t\t\t\t<div class=\"article-title-wrapper\"><h5><a href=\"https:\/\/www.riehlatinoamerica.org\/index.php\/2021\/06\/09\/dinamica-concreta-del-desarrollo-prologo\/\" class=\"article-title\">Din\u00e1mica concreta del desarrollo\u2014Pr\u00f3logo<\/a><\/h5><div class=\"article-date\"><span class=\"day\">09<\/span><span class=\"month\">Jun<\/span><span class=\"year\">2021<\/span><\/div><p>Lebret, Louis Joseph DIN\u00c1MICA CONCRETA DEL DESARROLLO - PR\u00d3LOGO...<\/p><\/div>\t\t\t<\/div>\n\t\t\t\t\t\t<div class=\"item-post post-1818 post type-post status-publish format-standard hentry category-1961-1965 category-desarrollo-desarrollo-integral-desarrollo-armonico-proyectos-de-desarrollo category-documentos-l-j-lebret category-economia-humana-postulados-metodo-etica-valores category-por-fecha category-por-temas category-repositorio category-sin-datos-precisos-de-publicacion category-tipo-de-documento tag-desarrollo-humano tag-economia-humana tag-metodo-de-la-economia-humana tag-proyectos-de-desarrollo tag-territorio\">\n\t\t\t\t<div class=\"article-title-wrapper\"><h5><a href=\"https:\/\/www.riehlatinoamerica.org\/index.php\/2021\/06\/09\/conjunto-de-estudios-que-supone-el-desarrollo-controlado\/\" class=\"article-title\">Conjunto de estudios que supone el desarrollo controlado<\/a><\/h5><div class=\"article-date\"><span class=\"day\">09<\/span><span class=\"month\">Jun<\/span><span class=\"year\">2021<\/span><\/div><p>Lebret, Louis Joseph CONJUNTO DE ESTUDIOS QUE SUPONE EL...<\/p><\/div>\t\t\t<\/div>\n\t\t\t<\/div><\/div><\/div><\/div><div id=\"pgc-1873-1-1\"  class=\"panel-grid-cell\" ><div id=\"panel-1873-1-1-0\" class=\"so-panel widget widget_sow-editor panel-first-child\" data-index=\"5\" ><div\n\t\t\t\n\t\t\tclass=\"so-widget-sow-editor so-widget-sow-editor-base\"\n\t\t\t\n\t\t>\n<div class=\"siteorigin-widget-tinymce textwidget\">\n\t<h4>Tipo de documento<\/h4>\n<\/div>\n<\/div><\/div><div id=\"panel-1873-1-1-1\" class=\"so-panel widget widget_nav_menu panel-last-child\" data-index=\"6\" ><div class=\"menu-por-tipo-de-documento-container\"><ul id=\"menu-por-tipo-de-documento\" class=\"menu\"><li id=\"menu-item-1890\" class=\"menu-item menu-item-type-post_type menu-item-object-page menu-item-1890 tc-menu-item tc-menu-depth-0 tc-menu-align-left tc-menu-layout-default\"><a href=\"https:\/\/www.riehlatinoamerica.org\/index.php\/transcripciones-conferencias-charlas-cursos\/\" class=\"tc-menu-inner\"><span class='tc-icon fa fa-clipboard'><\/span>Transcripciones<\/a><\/li>\n<li id=\"menu-item-1889\" class=\"menu-item menu-item-type-post_type menu-item-object-page menu-item-1889 tc-menu-item tc-menu-depth-0 tc-menu-align-left tc-menu-layout-default\"><a href=\"https:\/\/www.riehlatinoamerica.org\/index.php\/articulos-sobre-exposiciones\/\" class=\"tc-menu-inner\"><span class='tc-icon fa fa-clipboard'><\/span>Art\u00edculos sobre exposiciones<\/a><\/li>\n<li id=\"menu-item-1893\" class=\"menu-item menu-item-type-post_type menu-item-object-page menu-item-1893 tc-menu-item tc-menu-depth-0 tc-menu-align-left tc-menu-layout-default\"><a href=\"https:\/\/www.riehlatinoamerica.org\/index.php\/publicaciones-2\/\" class=\"tc-menu-inner\"><span class='tc-icon fa fa-clipboard active'><\/span>Publicaciones<\/a><\/li>\n<li id=\"menu-item-1891\" class=\"menu-item menu-item-type-post_type menu-item-object-page menu-item-1891 tc-menu-item tc-menu-depth-0 tc-menu-align-left tc-menu-layout-default\"><a href=\"https:\/\/www.riehlatinoamerica.org\/index.php\/sin-datos-precisos-de-publicacion\/\" class=\"tc-menu-inner\"><span class='tc-icon fa fa-clipboard active'><\/span>Sin datos precisos de publicaci\u00f3n<\/a><\/li>\n<li id=\"menu-item-1892\" class=\"menu-item menu-item-type-post_type menu-item-object-page menu-item-1892 tc-menu-item tc-menu-depth-0 tc-menu-align-left tc-menu-layout-default\"><a href=\"https:\/\/www.riehlatinoamerica.org\/index.php\/publicaciones-claeh\/\" class=\"tc-menu-inner\"><span class='tc-icon fa fa-clipboard active'><\/span>Publicaciones CLAEH<\/a><\/li>\n<\/ul><\/div><\/div><\/div><\/div><\/div>","protected":false},"excerpt":{"rendered":"<p>Lebret, Louis Joseph CONJUNTO DE ESTUDIOS QUE SUPONE EL DESARROLLO CONTROLADO Desarrollo humano Econom\u00eda humana Territorio Proyectos de desarrollo M\u00e9todo de la econom\u00eda humana 196X Fragmento de 12 p\u00e1ginas (183 &hellip; <\/p>\n","protected":false},"author":2,"featured_media":0,"parent":0,"menu_order":0,"comment_status":"closed","ping_status":"closed","template":"","meta":{"_bbp_topic_count":0,"_bbp_reply_count":0,"_bbp_total_topic_count":0,"_bbp_total_reply_count":0,"_bbp_voice_count":0,"_bbp_anonymous_reply_count":0,"_bbp_topic_count_hidden":0,"_bbp_reply_count_hidden":0,"_bbp_forum_subforum_count":0,"spay_email":"","_links_to":"","_links_to_target":""},"_links":{"self":[{"href":"https:\/\/www.riehlatinoamerica.org\/index.php\/wp-json\/wp\/v2\/pages\/1873"}],"collection":[{"href":"https:\/\/www.riehlatinoamerica.org\/index.php\/wp-json\/wp\/v2\/pages"}],"about":[{"href":"https:\/\/www.riehlatinoamerica.org\/index.php\/wp-json\/wp\/v2\/types\/page"}],"author":[{"embeddable":true,"href":"https:\/\/www.riehlatinoamerica.org\/index.php\/wp-json\/wp\/v2\/users\/2"}],"replies":[{"embeddable":true,"href":"https:\/\/www.riehlatinoamerica.org\/index.php\/wp-json\/wp\/v2\/comments?post=1873"}],"version-history":[{"count":15,"href":"https:\/\/www.riehlatinoamerica.org\/index.php\/wp-json\/wp\/v2\/pages\/1873\/revisions"}],"predecessor-version":[{"id":2314,"href":"https:\/\/www.riehlatinoamerica.org\/index.php\/wp-json\/wp\/v2\/pages\/1873\/revisions\/2314"}],"wp:attachment":[{"href":"https:\/\/www.riehlatinoamerica.org\/index.php\/wp-json\/wp\/v2\/media?parent=1873"}],"curies":[{"name":"wp","href":"https:\/\/api.w.org\/{rel}","templated":true}]}}