{"id":2492,"date":"2021-10-25T11:34:03","date_gmt":"2021-10-25T14:34:03","guid":{"rendered":"https:\/\/www.riehlatinoamerica.org\/?page_id=2492"},"modified":"2025-12-30T14:11:09","modified_gmt":"2025-12-30T17:11:09","slug":"publicacion-periodica-construyendo-economia-humana","status":"publish","type":"page","link":"https:\/\/www.riehlatinoamerica.org\/index.php\/publicacion-periodica-construyendo-economia-humana\/","title":{"rendered":"Publicaci\u00f3n Peri\u00f3dica: Construyendo Econom\u00eda Humana"},"content":{"rendered":"<div id=\"pl-2492\"  class=\"panel-layout\" ><div id=\"pg-2492-0\"  class=\"panel-grid panel-no-style\" ><div id=\"pgc-2492-0-0\"  class=\"panel-grid-cell\" ><div id=\"panel-2492-0-0-0\" class=\"so-panel widget widget_sow-editor panel-first-child panel-last-child\" data-index=\"0\" ><div\n\t\t\t\n\t\t\tclass=\"so-widget-sow-editor so-widget-sow-editor-base\"\n\t\t\t\n\t\t>\n<div class=\"siteorigin-widget-tinymce textwidget\">\n\t<h3><strong>Presentaci\u00f3n<\/strong><\/h3>\n<p><strong>\u00bfQu\u00e9 es la Econom\u00eda Humana?\u00a0 <\/strong><\/p>\n<p>L-J.Lebret, fundador del Movimiento de Econom\u00eda Humana la define como:\u00a0 <em>\u201cDisciplina de pensamiento y de acci\u00f3n, ciencia y arte, paso para una poblaci\u00f3n determinada m\u00e1s o menos homog\u00e9nea, de una fase menos humana a otra m\u00e1s humana, al ritmo m\u00e1s r\u00e1pido y al menor costo, teniendo en cuenta el desarrollo solidario de todas las poblaciones\u201d.\u00a0 <\/em><\/p>\n<p><strong>\u00bfQu\u00e9 es la Red de Econom\u00eda Humana - Uruguay?\u00a0 <\/strong><\/p>\n<p><em>\u201cEs un conjunto de personas y organizaciones que tienen en com\u00fan la adhesi\u00f3n a los principios de la Econom\u00eda Humana y pretenden ser agentes de cambio para la construcci\u00f3n de una nueva civilizaci\u00f3n\u201d.<\/em><\/p>\n<p><em>\u00a0<\/em>Somos parte de la Red Internacional de EH que conforman <em>personas y organizaciones (asociaciones civiles, movimientos de educaci\u00f3n popular, universidades, colectividades locales, actores econ\u00f3micos, sindicatos) que act\u00faan en \u00c1frica, Asia del Sur, en Am\u00e9rica Latina y el Caribe, y en Europa.\u00a0<\/em><\/p>\n<p><em>\u00a0<\/em><strong>\u00bfD\u00f3nde act\u00faa la Red?<\/strong><\/p>\n<ul>\n<li>En el social: acciones de desarrollo local con los pilares de la EH y tendientes al empoderamiento de los sujetos de las acciones, generaci\u00f3n de di\u00e1logos e intercambios, defensa de las minor\u00edas y en contra de la violencia en todas sus formas\u2026<\/li>\n<li>En el econ\u00f3mico: apoyo a formaci\u00f3n de cooperativas de viviendas, de ahorro\u2026, apoyo a emprendimientos econ\u00f3micos transformadores que tengan una orientaci\u00f3n de EH\u2026<\/li>\n<li>En el \u00e1mbito jur\u00eddico: apoyo al humanismo jur\u00eddico, derechos humanos, sociales, econ\u00f3micos\u2026<\/li>\n<li>En el educativo: formaci\u00f3n de docentes con los pilares de la EH, grupos de docentes para investigar sobre la educaci\u00f3n, formaci\u00f3n de alumnos y profesionales universitarios con los pilares de la EH\u2026<\/li>\n<li>En el de la salud: formaci\u00f3n de estudiantes y m\u00e9dicos en humanismo m\u00e9dico y de gestores de salud con los pilares de la EH\u2026<\/li>\n<li>En el cultural: formaci\u00f3n de operadores culturales, acceso a bienes culturales a trav\u00e9s de proyectos, investigaci\u00f3n de necesidades culturales de las poblaciones\u2026<\/li>\n<li>En s\u00edntesis, participando y desarrollando acciones que puedan ayudar a la construcci\u00f3n de una nueva civilizaci\u00f3n<\/li>\n<\/ul>\n<p><strong>\u00bfC\u00f3mo se comunican las acciones de la Red de Econom\u00eda Humana - Uruguay?\u00a0 <\/strong><\/p>\n<p>A trav\u00e9s de diferentes medios:<\/p>\n<ul>\n<li>Presenciales: Foros y conversatorios peri\u00f3dicos acerca de temas y propuestas vinculadas a nuestro movimiento<\/li>\n<li>Virtuales: Foros y conversatorios o Pagina web de la RIEH o Canal de Youtube (rieh-uruguay) o Cuenta en Linkedin (rieh-uruguay) o Cuenta en Twitter o Comunicaci\u00f3n por e-mailing con integrantes de la Red<\/li>\n<li>Medios escritos: art\u00edculos escritos por miembros de la Red en: Peri\u00f3dico La Diaria, Cuadernos del CLAEH...<\/li>\n<\/ul>\n<p>Esta publicaci\u00f3n peri\u00f3dica trata de no ser un medio m\u00e1s sino el medio de conexi\u00f3n entre todos los miembros y amigos de la Red y las personas que han estado y estar\u00e1n en contacto con nosotros.<\/p>\n<p>A trav\u00e9s de una forma \u00e1gil, din\u00e1mica y selectiva de los temas buscaremos mantener el inter\u00e9s de estar al tanto de la vida de Red.<\/p>\n<hr \/>\n<p>&nbsp;<\/p>\n<\/div>\n<\/div><\/div><\/div><div id=\"pgc-2492-0-1\"  class=\"panel-grid-cell panel-grid-cell-empty\" ><\/div><div id=\"pgc-2492-0-2\"  class=\"panel-grid-cell\" ><div id=\"panel-2492-0-2-0\" class=\"so-panel widget widget_sow-editor panel-first-child\" data-index=\"1\" ><div\n\t\t\t\n\t\t\tclass=\"so-widget-sow-editor so-widget-sow-editor-base\"\n\t\t\t\n\t\t>\n<div class=\"siteorigin-widget-tinymce textwidget\">\n\t<h3 style=\"text-align: center;\"><img loading=\"lazy\" class=\"alignnone wp-image-2550\" src=\"https:\/\/www.riehlatinoamerica.org\/wp-content\/uploads\/2021\/11\/Construyendo-EH-300x131.jpg\" alt=\"\" width=\"408\" height=\"178\" srcset=\"https:\/\/www.riehlatinoamerica.org\/wp-content\/uploads\/2021\/11\/Construyendo-EH-300x131.jpg 300w, https:\/\/www.riehlatinoamerica.org\/wp-content\/uploads\/2021\/11\/Construyendo-EH.jpg 563w\" sizes=\"(max-width: 408px) 100vw, 408px\" \/><\/h3>\n<p><a href=\"https:\/\/mailchi.mp\/95442f4a8a1a\/boletn-rieh-uruguay-10148144\">N\u00b0 11 Octubre 2025<\/a><\/p>\n<p><a href=\"https:\/\/mailchi.mp\/82ae4fb0344f\/boletn-rieh-uruguay-10145586\">N\u00b0 10 Junio 2025<\/a><\/p>\n<p><a href=\"https:\/\/mailchi.mp\/3cc6cce1886c\/boletn-rieh-uruguay-10142343\">N\u00b0 9 Diciembre 2024<\/a><\/p>\n<p><a href=\"https:\/\/mailchi.mp\/0585b339de88\/boletn-rieh-uruguay-9453398\">No. 8 Setiembre 2024<\/a><\/p>\n<p><a href=\"https:\/\/mailchi.mp\/a2bd2bfe0ff2\/boletn-rieh-uruguay-9433061\">No. 7 Diciembre de 2023<\/a><\/p>\n<p><a href=\"https:\/\/us5.campaign-archive.com\/?e=[UNIQID]&amp;u=17ad601c776ebd199bbc98a35&amp;id=1f72a34061\" target=\"_blank\" rel=\"noopener\">No. 6 Setiembre de 2023<\/a><\/p>\n<p style=\"text-align: left;\"><a href=\"https:\/\/mailchi.mp\/de6153c5f374\/boletn-rieh-uruguay-9327093?e=[UNIQID]\" target=\"_blank\" rel=\"noopener\">No.5 Mayo 2023<\/a><\/p>\n<p><a href=\"https:\/\/mailchi.mp\/af7feb18eadb\/boletn-rieh-uruguay-9254209?e=[UNIQID]\" target=\"_blank\" rel=\"noopener\">No.4 Diciembre 2022<\/a><\/p>\n<p><a href=\"https:\/\/us5.admin.mailchimp.com\/campaigns\/show?id=9106649\" target=\"_blank\" rel=\"noopener\">No.3 Agosto 2022<\/a><\/p>\n<p><a href=\"https:\/\/mailchi.mp\/958c15b385df\/boletn-rieh-uruguay-8951949?e=[UNIQID]\" target=\"_blank\" rel=\"noopener\">No. 2 Mayo 2022<\/a><\/p>\n<p style=\"text-align: left;\"><a href=\"https:\/\/mailchi.mp\/70d79589caba\/boletn-rieh-uruguay-8593450\" target=\"_blank\" rel=\"noopener\">No.1 Noviembre 2021<\/a><\/p>\n<\/div>\n<\/div><\/div><div id=\"panel-2492-0-2-1\" class=\"so-panel widget widget_sow-headline\" data-index=\"2\" ><div\n\t\t\t\n\t\t\tclass=\"so-widget-sow-headline so-widget-sow-headline-default-ada8dba45a97-2492\"\n\t\t\t\n\t\t><div class=\"sow-headline-container \">\n\t\t\t\t\t\t\t<h3 class=\"sow-headline\">\n\t\t\t\t\t\tSuscr\u00edbete ahora a nuestra publicaci\u00f3n. Te esperamos\t\t\t\t\t\t<\/h3>\n\t\t\t\t\t\t\t\t\t\t\t<div class=\"decoration\">\n\t\t\t\t\t\t<div class=\"decoration-inside\"><\/div>\n\t\t\t\t\t<\/div>\n\t\t\t\t\t<\/div>\n<\/div><\/div><div id=\"panel-2492-0-2-2\" class=\"so-panel widget widget_sow-contact-form panel-last-child\" data-index=\"3\" ><div\n\t\t\t\n\t\t\tclass=\"so-widget-sow-contact-form so-widget-sow-contact-form-default-dad9260d09e4-2492\"\n\t\t\t\n\t\t>\t<form\n\t\taction=\"\/index.php\/wp-json\/wp\/v2\/pages\/2492\"\n\t\tmethod=\"POST\"\n\t\tclass=\"sow-contact-form\"\n\t\tid=\"contact-form-9092\"\n\t>\n\n\t\t\n\t\t\t\t\t<div class=\"sow-form-field sow-form-field-name\">\n\t\t\t\t<label class=\"sow-form-field-label-above\" for=\"sow-contact-form-field-nombre-1\">\n\t\t\t\t<strong>\n\t\t\t\t\tNombre\t\t\t\t\t\t\t\t\t<\/strong>\n\t\t\t<\/label>\n\t\t\t\t\t\t\t<div class=\"sow-field-container\">\n\t\t\t\t\t\t\t<input\n\t\t\ttype=\"text\"\n\t\t\tname=\"nombre-1\"\n\t\t\tid=\"sow-contact-form-field-nombre-1\"\n\t\t\tvalue=\"\"\n\t\t\tclass=\"sow-text-field\"\n\t\t\t\t\t\t\t\t\/>\n\t\t\t\t\t\t<\/div>\n\t\t\t\t\t\t\t<\/div>\n\t\t\t\t\t\t<div class=\"sow-form-field sow-form-field-name\">\n\t\t\t\t<label class=\"sow-form-field-label-above\" for=\"sow-contact-form-field-profesion-y-o-organizacion-1\">\n\t\t\t\t<strong>\n\t\t\t\t\tProfesi\u00f3n y\/o Organizaci\u00f3n\t\t\t\t\t\t\t\t\t<\/strong>\n\t\t\t<\/label>\n\t\t\t\t\t\t\t<div class=\"sow-field-container\">\n\t\t\t\t\t\t\t<input\n\t\t\ttype=\"text\"\n\t\t\tname=\"profesion-y-o-organizacion-1\"\n\t\t\tid=\"sow-contact-form-field-profesion-y-o-organizacion-1\"\n\t\t\tvalue=\"\"\n\t\t\tclass=\"sow-text-field\"\n\t\t\t\t\t\t\t\t\/>\n\t\t\t\t\t\t<\/div>\n\t\t\t\t\t\t\t<\/div>\n\t\t\t\t\t\t<div class=\"sow-form-field sow-form-field-email\">\n\t\t\t\t<label class=\"sow-form-field-label-above\" for=\"sow-contact-form-field-correo-electronico-1\">\n\t\t\t\t<strong>\n\t\t\t\t\tCorreo electr\u00f3nico\t\t\t\t\t\t\t\t\t<\/strong>\n\t\t\t<\/label>\n\t\t\t\t\t\t\t<div class=\"sow-field-container\">\n\t\t\t\t\t\t\t<input\n\t\t\ttype=\"email\"\n\t\t\tname=\"correo-electronico-1\"\n\t\t\tid=\"sow-contact-form-field-correo-electronico-1\"\n\t\t\tvalue=\"\"\n\t\t\tclass=\"sow-text-field\"\t\t\t\t\t\t\t\t\/>\n\t\t\t\t\t\t<\/div>\n\t\t\t\t\t\t\t<\/div>\n\t\t\t\t\t\t<div class=\"sow-form-field sow-form-field-tel\">\n\t\t\t\t<label class=\"sow-form-field-label-above\" for=\"sow-contact-form-field-telefono-1\">\n\t\t\t\t<strong>\n\t\t\t\t\tTel\u00e9fono\t\t\t\t\t\t\t\t\t<\/strong>\n\t\t\t<\/label>\n\t\t\t\t\t\t\t<div class=\"sow-field-container\">\n\t\t\t\t\t\t\t<input\n\t\t\ttype=\"tel\"\n\t\t\tname=\"telefono-1\"\n\t\t\tid=\"sow-contact-form-field-telefono-1\"\n\t\t\tvalue=\"\"\n\t\t\tclass=\"sow-text-field\"\t\t\t\t\t\t\t\t\/>\n\t\t\t\t\t\t<\/div>\n\t\t\t\t\t\t\t<\/div>\n\t\t\t\t\t\t<div class=\"sow-form-field sow-form-field-name\">\n\t\t\t\t<label class=\"sow-form-field-label-above\" for=\"sow-contact-form-field-pais-1\">\n\t\t\t\t<strong>\n\t\t\t\t\tPa\u00eds\t\t\t\t\t\t\t\t\t<\/strong>\n\t\t\t<\/label>\n\t\t\t\t\t\t\t<div class=\"sow-field-container\">\n\t\t\t\t\t\t\t<input\n\t\t\ttype=\"text\"\n\t\t\tname=\"pais-1\"\n\t\t\tid=\"sow-contact-form-field-pais-1\"\n\t\t\tvalue=\"\"\n\t\t\tclass=\"sow-text-field\"\n\t\t\t\t\t\t\t\t\/>\n\t\t\t\t\t\t<\/div>\n\t\t\t\t\t\t\t<\/div>\n\t\t\t\n\t\t\n\t\t<div class=\"sow-submit-wrapper \n\t\tsow-submit-styled\t\t\">\n\n\t\t\t<button\n\t\t\t\ttype=\"submit\"\n\t\t\t\tclass=\"sow-submit\n\t\t\t\t\t\t\t\t\"\n\t\t\t\t\t\t\t>\n\t\t\t\tEnviar\t\t\t<\/button>\n\t\t<\/div>\n\t\t\t\t<input\n\t\t\ttype=\"hidden\"\n\t\t\tname=\"instance_hash-1\"\n\t\t\tvalue=\"909237be\"\n\t\t\/>\n\n\t\t<input type=\"hidden\" id=\"_wpnonce\" name=\"_wpnonce\" value=\"b5e05019c5\" \/><input type=\"hidden\" name=\"_wp_http_referer\" value=\"\/index.php\/wp-json\/wp\/v2\/pages\/2492\" \/>\t<\/form>\n\t<\/div><\/div><\/div><\/div><\/div>","protected":false},"excerpt":{"rendered":"<p>Presentaci\u00f3n \u00bfQu\u00e9 es la Econom\u00eda Humana?\u00a0 L-J.Lebret, fundador del Movimiento de Econom\u00eda Humana la define como:\u00a0 \u201cDisciplina de pensamiento y de acci\u00f3n, ciencia y arte, paso para una poblaci\u00f3n determinada &hellip; <\/p>\n","protected":false},"author":2,"featured_media":0,"parent":0,"menu_order":0,"comment_status":"closed","ping_status":"closed","template":"","meta":{"_bbp_topic_count":0,"_bbp_reply_count":0,"_bbp_total_topic_count":0,"_bbp_total_reply_count":0,"_bbp_voice_count":0,"_bbp_anonymous_reply_count":0,"_bbp_topic_count_hidden":0,"_bbp_reply_count_hidden":0,"_bbp_forum_subforum_count":0,"spay_email":"","_links_to":"","_links_to_target":""},"_links":{"self":[{"href":"https:\/\/www.riehlatinoamerica.org\/index.php\/wp-json\/wp\/v2\/pages\/2492"}],"collection":[{"href":"https:\/\/www.riehlatinoamerica.org\/index.php\/wp-json\/wp\/v2\/pages"}],"about":[{"href":"https:\/\/www.riehlatinoamerica.org\/index.php\/wp-json\/wp\/v2\/types\/page"}],"author":[{"embeddable":true,"href":"https:\/\/www.riehlatinoamerica.org\/index.php\/wp-json\/wp\/v2\/users\/2"}],"replies":[{"embeddable":true,"href":"https:\/\/www.riehlatinoamerica.org\/index.php\/wp-json\/wp\/v2\/comments?post=2492"}],"version-history":[{"count":80,"href":"https:\/\/www.riehlatinoamerica.org\/index.php\/wp-json\/wp\/v2\/pages\/2492\/revisions"}],"predecessor-version":[{"id":3269,"href":"https:\/\/www.riehlatinoamerica.org\/index.php\/wp-json\/wp\/v2\/pages\/2492\/revisions\/3269"}],"wp:attachment":[{"href":"https:\/\/www.riehlatinoamerica.org\/index.php\/wp-json\/wp\/v2\/media?parent=2492"}],"curies":[{"name":"wp","href":"https:\/\/api.w.org\/{rel}","templated":true}]}}