{"id":493,"date":"2020-04-25T19:08:58","date_gmt":"2020-04-25T22:08:58","guid":{"rendered":"http:\/\/190.64.148.139\/rieh\/?page_id=493"},"modified":"2024-07-23T14:11:40","modified_gmt":"2024-07-23T17:11:40","slug":"el-manifiesto","status":"publish","type":"page","link":"https:\/\/www.riehlatinoamerica.org\/index.php\/el-manifiesto\/","title":{"rendered":"Nuestro manifiesto"},"content":{"rendered":"<div id=\"pl-493\"  class=\"panel-layout\" ><div id=\"pg-493-0\"  class=\"panel-grid panel-no-style\" ><div id=\"pgc-493-0-0\"  class=\"panel-grid-cell\" ><div id=\"panel-493-0-0-0\" class=\"so-panel widget widget_sow-editor panel-first-child panel-last-child\" data-index=\"0\" ><div\n\t\t\t\n\t\t\tclass=\"so-widget-sow-editor so-widget-sow-editor-base\"\n\t\t\t\n\t\t>\n<div class=\"siteorigin-widget-tinymce textwidget\">\n\t<h2>Nuestro objetivo<\/h2>\n<p>Nuestra red tiene por ambici\u00f3n de promover la econom\u00eda humana como una perspectiva com\u00fan ante los retos que se enfrenta nuestra humanidad: desigualdades, injusticias, repliegues nacionalistas o de grupos, violencia y destrucci\u00f3n de la biodiversidad.<\/p>\n<p>Estamos convencidos de que los distintos grupos humanos, las sociedades y la humanidad entera pueden organizarse para que cada persona y todas las personas vivan dignamente, sean tratadas con justicia y equidad, ejerzan su libertad, se sientan solidarias, asuman sus responsabilidades frente a s\u00ed mismas, a los otros y a la naturaleza que los alberga y alimenta. Damos a esta armon\u00eda el nombre de \u201ceconom\u00eda humana \".<\/p>\n<p>La econom\u00eda humana se nutre de las interdependencias m\u00faltiples que unen el mundo y de la riqueza de las diversidades que lo atraviesan. Debe permitir a cada mujer y a cada hombre abrirse como seres que aspiran a la superaci\u00f3n de s\u00ed mismos y se comprometen en la realizaci\u00f3n del bien com\u00fan.<\/p>\n<p>En este sentido, la econom\u00eda no puede separarse de otros \u00e1mbitos de la actividad humana y se integra a los proyectos personales y colectivos respondiendo a las necesidades humanas de todo tipo.<\/p>\n<p>Pensamos que es posible, y necesario, avanzar desde ahora en esta v\u00eda a pesar de las dificultades que imponen el sistema econ\u00f3mico y la organizaci\u00f3n de las sociedades. Conocemos muchos ejemplos de estas proyecciones que presentamos en referencia a nuestra visi\u00f3n de la econom\u00eda humana en Caminos de econom\u00eda humana[1].<\/p>\n<p>Les invitamos a unirse a nosotros para progresar juntos en estos caminos.<\/p>\n<h2>\u00bfC\u00f3mo ser miembro de la RIEH?<\/h2>\n<p>La Red Internacional para la Econom\u00eda Humana (RIEH) est\u00e1 abierta a todas las organizaciones (entidades jur\u00eddicas: asociaciones, ONG, cooperativas, sindicatos, movimientos de educaci\u00f3n popular, mutualidades, universidades, centros \/ institutos de investigaci\u00f3n, agentes econ\u00f3micos y redes) y tambi\u00e9n personas f\u00edsicas que trabajan para una econom\u00eda humana como se define en el Manifiesto y se ilustra en el libro \u201cCaminos de econom\u00eda humana\u201d.<\/p>\n<p>Participar en la Red Internacional para una Econom\u00eda Humana permite a sus miembros:<\/p>\n<p>\u2022 Informar a otros miembros de sus acciones y las acciones de otros miembros.<\/p>\n<p>\u2022 Intercambiar con ellos, compartir experiencias y aprender de los dem\u00e1s.<\/p>\n<p>\u2022 Analizar conjuntamente su acci\u00f3n con respecto a la visi\u00f3n, los principios de acci\u00f3n y los objetivos de la econom\u00eda humana.<\/p>\n<p>\u2022 Contribuir con otros miembros para hacer evolucionar las pol\u00edticas de los responsables pol\u00edticos, econ\u00f3micos y culturales<\/p>\n<\/div>\n<\/div><\/div><\/div><div id=\"pgc-493-0-1\"  class=\"panel-grid-cell panel-grid-cell-empty\" ><\/div><div id=\"pgc-493-0-2\"  class=\"panel-grid-cell\" ><div id=\"panel-493-0-2-0\" class=\"so-panel widget widget_sow-editor panel-first-child panel-last-child\" data-index=\"1\" ><div\n\t\t\t\n\t\t\tclass=\"so-widget-sow-editor so-widget-sow-editor-base\"\n\t\t\t\n\t\t>\n<div class=\"siteorigin-widget-tinymce textwidget\">\n\t<h2>\u00bfQui\u00e9nes integramos la red?<\/h2>\n<p>Somos personas y organizaciones que actuamos en la perspectiva de la econom\u00eda humana, que compartimos la visi\u00f3n del mundo y el hombre que ella nos propone, que decidimos transformarnos nosotros mismos y actuar en nuestro entorno para que ocurran los cambios que promueve.<\/p>\n<p>Vivimos y actuamos en \u00c1frica, en el contorno mediterr\u00e1neo, en el Sur y Sureste de Asia, en Am\u00e9rica Latina, en el Caribe y en Europa.<\/p>\n<p>Somos miembros de asociaciones, sindicatos, movimientos de educaci\u00f3n popular, profesores, investigadores, empleados y directivos de empresas, de la administraci\u00f3n p\u00fablica y de instituciones; todos nosotros militamos para que las organizaciones en las cuales trabajamos contribuyan al bien com\u00fan.<\/p>\n<h2>\u00bfQu\u00e9 hacemos?<\/h2>\n<p>Nos organizamos en una red de intercambios, reflexi\u00f3n y propuesta que funciona a nivel mundial, regional, nacional, y local:<\/p>\n<p>\u00b7 Actuamos en nuestros territorios respectivos para una econom\u00eda m\u00e1s humana,<\/p>\n<p>\u00b7 Intercambiamos mensajes entre nosotros para conocernos y sostenernos<\/p>\n<p>\u00b7 Analizamos nuestras experiencias para sacar conclusiones, como lo hicimos en el libro \u201cCaminos de Econom\u00eda Humana\u201d.<\/p>\n<p>\u00b7 Intervenimos en el debate p\u00fablico para favorecer los cambios estructurales que permitan a nuestras sociedades y a nuestra humanidad avanzar hacia la econom\u00eda humana.<\/p>\n<p>Nuestros intercambios y nuestros debates se basan en las acciones realizadas por nuestros miembros al mismo tiempo que enriquecen la acci\u00f3n de cada uno. Acci\u00f3n y reflexi\u00f3n est\u00e1n \u00edntimamente vinculadas.<\/p>\n<h2>\u00bfCu\u00e1les son los medios implementados?<\/h2>\n<p>\u2022 Un sitio web interactivo: www.rieh.org<\/p>\n<p>\u2022 La revista \u201cD\u00e9veloppement et Civilisations\u201d (Desarrollo y Civilizaciones).<\/p>\n<p>\u2022 Monograf\u00edas.<\/p>\n<p>\u2022 Reuniones a nivel local, nacional, continental o internacional.<\/p>\n<p>\u2022 Producciones comunes resultantes del plan de acci\u00f3n de la red, que tambi\u00e9n se define e implementa en los diferentes niveles.<\/p>\n<p>Ser miembro de la Red\u00a0 lleva tambi\u00e9n a implicarse activamente en las acciones de comunicaci\u00f3n, de intercambio, de an\u00e1lisis y de producci\u00f3n.<\/p>\n<\/div>\n<\/div><\/div><\/div><\/div><\/div>","protected":false},"excerpt":{"rendered":"<p>Nuestro objetivo Nuestra red tiene por ambici\u00f3n de promover la econom\u00eda humana como una perspectiva com\u00fan ante los retos que se enfrenta nuestra humanidad: desigualdades, injusticias, repliegues nacionalistas o de &hellip; <\/p>\n","protected":false},"author":2,"featured_media":0,"parent":0,"menu_order":0,"comment_status":"closed","ping_status":"closed","template":"","meta":{"_bbp_topic_count":0,"_bbp_reply_count":0,"_bbp_total_topic_count":0,"_bbp_total_reply_count":0,"_bbp_voice_count":0,"_bbp_anonymous_reply_count":0,"_bbp_topic_count_hidden":0,"_bbp_reply_count_hidden":0,"_bbp_forum_subforum_count":0,"spay_email":"","_links_to":"","_links_to_target":""},"_links":{"self":[{"href":"https:\/\/www.riehlatinoamerica.org\/index.php\/wp-json\/wp\/v2\/pages\/493"}],"collection":[{"href":"https:\/\/www.riehlatinoamerica.org\/index.php\/wp-json\/wp\/v2\/pages"}],"about":[{"href":"https:\/\/www.riehlatinoamerica.org\/index.php\/wp-json\/wp\/v2\/types\/page"}],"author":[{"embeddable":true,"href":"https:\/\/www.riehlatinoamerica.org\/index.php\/wp-json\/wp\/v2\/users\/2"}],"replies":[{"embeddable":true,"href":"https:\/\/www.riehlatinoamerica.org\/index.php\/wp-json\/wp\/v2\/comments?post=493"}],"version-history":[{"count":31,"href":"https:\/\/www.riehlatinoamerica.org\/index.php\/wp-json\/wp\/v2\/pages\/493\/revisions"}],"predecessor-version":[{"id":3105,"href":"https:\/\/www.riehlatinoamerica.org\/index.php\/wp-json\/wp\/v2\/pages\/493\/revisions\/3105"}],"wp:attachment":[{"href":"https:\/\/www.riehlatinoamerica.org\/index.php\/wp-json\/wp\/v2\/media?parent=493"}],"curies":[{"name":"wp","href":"https:\/\/api.w.org\/{rel}","templated":true}]}}