{"id":526,"date":"2020-04-25T20:50:41","date_gmt":"2020-04-25T23:50:41","guid":{"rendered":"http:\/\/190.64.148.139\/rieh\/?page_id=526"},"modified":"2020-04-25T20:50:41","modified_gmt":"2020-04-25T23:50:41","slug":"nuestros-objetivos","status":"publish","type":"page","link":"https:\/\/www.riehlatinoamerica.org\/index.php\/nuestros-objetivos\/","title":{"rendered":"Nuestros objetivos"},"content":{"rendered":"<div id=\"pl-526\"  class=\"panel-layout\" ><div id=\"pg-526-0\"  class=\"panel-grid panel-no-style\" ><div id=\"pgc-526-0-0\"  class=\"panel-grid-cell\" ><div id=\"panel-526-0-0-0\" class=\"so-panel widget widget_sow-editor panel-first-child panel-last-child\" data-index=\"0\" ><div\n\t\t\t\n\t\t\tclass=\"so-widget-sow-editor so-widget-sow-editor-base\"\n\t\t\t\n\t\t>\n<div class=\"siteorigin-widget-tinymce textwidget\">\n\t<h2>Nuestros Objetivos<\/h2>\n<p>RIEH es una red de intercambio, de reflexi\u00f3n y de propuesta, que act\u00faa y funciona a nivel mundial, nacional y local.<\/p>\n<p>\u2022 Actuamos sobre nuestros territorios.<br \/>\n\u2022 Intercambiamos entre nosotros para conocernos y sostenernos.<br \/>\n\u2022 Analizamos nuestras experiencias para aprender, como lo hicimos en el libro Caminos de econom\u00eda Humana.<br \/>\n\u2022 Publicamos la revista Desarrollo y Civilizaciones<br \/>\n\u2022 Intervenimos en debates p\u00fablicos para lograr cambios estructurales que permitan a nuestras sociedades y a la humanidad avanzar hacia una econom\u00eda m\u00e1s humana.<\/p>\n<p>Nuestros intercambios y debates se basan en las acciones de nuestros miembros al tiempo que enriquecen la actuaci\u00f3n de cada uno. La acci\u00f3n y la reflexi\u00f3n est\u00e1n \u00edntimamente ligadas.<\/p>\n<p>La Red Internacional de Econom\u00eda Humana (RIEH) se apoya sobre una larga historia y una transformaci\u00f3n reciente.<\/p>\n<\/div>\n<\/div><\/div><\/div><\/div><\/div>","protected":false},"excerpt":{"rendered":"<p>Nuestros Objetivos RIEH es una red de intercambio, de reflexi\u00f3n y de propuesta, que act\u00faa y funciona a nivel mundial, nacional y local. \u2022 Actuamos sobre nuestros territorios. \u2022 Intercambiamos &hellip; <\/p>\n","protected":false},"author":2,"featured_media":0,"parent":0,"menu_order":0,"comment_status":"closed","ping_status":"closed","template":"","meta":{"_bbp_topic_count":0,"_bbp_reply_count":0,"_bbp_total_topic_count":0,"_bbp_total_reply_count":0,"_bbp_voice_count":0,"_bbp_anonymous_reply_count":0,"_bbp_topic_count_hidden":0,"_bbp_reply_count_hidden":0,"_bbp_forum_subforum_count":0,"spay_email":"","_links_to":"","_links_to_target":""},"_links":{"self":[{"href":"https:\/\/www.riehlatinoamerica.org\/index.php\/wp-json\/wp\/v2\/pages\/526"}],"collection":[{"href":"https:\/\/www.riehlatinoamerica.org\/index.php\/wp-json\/wp\/v2\/pages"}],"about":[{"href":"https:\/\/www.riehlatinoamerica.org\/index.php\/wp-json\/wp\/v2\/types\/page"}],"author":[{"embeddable":true,"href":"https:\/\/www.riehlatinoamerica.org\/index.php\/wp-json\/wp\/v2\/users\/2"}],"replies":[{"embeddable":true,"href":"https:\/\/www.riehlatinoamerica.org\/index.php\/wp-json\/wp\/v2\/comments?post=526"}],"version-history":[{"count":1,"href":"https:\/\/www.riehlatinoamerica.org\/index.php\/wp-json\/wp\/v2\/pages\/526\/revisions"}],"predecessor-version":[{"id":527,"href":"https:\/\/www.riehlatinoamerica.org\/index.php\/wp-json\/wp\/v2\/pages\/526\/revisions\/527"}],"wp:attachment":[{"href":"https:\/\/www.riehlatinoamerica.org\/index.php\/wp-json\/wp\/v2\/media?parent=526"}],"curies":[{"name":"wp","href":"https:\/\/api.w.org\/{rel}","templated":true}]}}