{"id":544,"date":"2020-04-25T21:47:32","date_gmt":"2020-04-26T00:47:32","guid":{"rendered":"http:\/\/190.64.148.139\/rieh\/?page_id=544"},"modified":"2024-12-06T15:02:13","modified_gmt":"2024-12-06T18:02:13","slug":"544-2","status":"publish","type":"page","link":"https:\/\/www.riehlatinoamerica.org\/index.php\/544-2\/","title":{"rendered":"Louis-Joseph Lebret"},"content":{"rendered":"<div id=\"pl-544\"  class=\"panel-layout\" ><div id=\"pg-544-0\"  class=\"panel-grid panel-no-style\" ><div id=\"pgc-544-0-0\"  class=\"panel-grid-cell\" ><div id=\"panel-544-0-0-0\" class=\"so-panel widget widget_media_image panel-first-child panel-last-child\" data-index=\"0\" ><img width=\"203\" height=\"249\" src=\"https:\/\/www.riehlatinoamerica.org\/wp-content\/uploads\/2020\/04\/images-1.jpg\" class=\"image wp-image-572  attachment-full size-full\" alt=\"\" loading=\"lazy\" style=\"max-width: 100%; height: auto;\" \/><\/div><\/div><div id=\"pgc-544-0-1\"  class=\"panel-grid-cell\" ><div id=\"panel-544-0-1-0\" class=\"so-panel widget widget_sow-editor panel-first-child panel-last-child\" data-index=\"1\" ><div\n\t\t\t\n\t\t\tclass=\"so-widget-sow-editor so-widget-sow-editor-base\"\n\t\t\t\n\t\t>\n<div class=\"siteorigin-widget-tinymce textwidget\">\n\t<h3><strong>Fragmento de las palabras del Prof. Jos\u00e9 Rilla en el acto de reconocimientos de la Universidad CLAEH.<\/strong><\/h3>\n<p>\u201c<i>Hay una foto de Lebret que se ha transformado en un \u00edcono y que yo uso en las clases que doy en la Fac.de la Cultura que me sirve para encabezar una reflexi\u00f3n.<\/i><\/p>\n<p><i>Aparece Lebret con su pipa, con los lentes, <\/i><i>tiene colgada una c\u00e1mara de fotos. <\/i><\/p>\n<p><i>Y est\u00e1 en el puerto, est\u00e1 en un barco, <\/i><i>est\u00e1 con los pescadores, <\/i><i>en la Breta\u00f1a donde Lebret comenz\u00f3 a hacer sus investigaciones sociales. <\/i><\/p>\n<p><i>Tratando de no despegarse de la gente, <\/i><i>tratando de estar en el territorio. <\/i><\/p>\n<p><i>Y despu\u00e9s leer los consejos de Lebret: <\/i><\/p>\n<p><strong>\u201c<i>Cuidado, no se distancien, no tomen mucha distancia de la gente com\u00fan. Cuando investiguen h\u00e1ganlo con humildad, vayan, vean.\u201d<\/i><\/strong><\/p>\n<p><i>Ese era un llamado que siempre me conmovi\u00f3 <\/i><i>y que vuelvo a encontrar cada vez que veo esta foto\u201d.<\/i><\/p>\n<\/div>\n<\/div><\/div><\/div><\/div><div id=\"pg-544-1\"  class=\"panel-grid panel-no-style\" ><div id=\"pgc-544-1-0\"  class=\"panel-grid-cell\" ><div id=\"panel-544-1-0-0\" class=\"so-panel widget widget_sow-editor panel-first-child\" data-index=\"2\" ><div\n\t\t\t\n\t\t\tclass=\"so-widget-sow-editor so-widget-sow-editor-base\"\n\t\t\t\n\t\t>\n<div class=\"siteorigin-widget-tinymce textwidget\">\n\t<h3>Puede descargar a continuaci\u00f3n los documentos relacionados con la vida y obra de Louis-Joseph Lebret:<\/h3>\n<h3><\/h3>\n<\/div>\n<\/div><\/div><div id=\"panel-544-1-0-1\" class=\"so-panel widget widget_list-post panel-last-child\" data-index=\"3\" ><div class=\"thim-widget-list-post thim-widget-list-post-base template-grid\"><div class=\"thim-list-post-inner\"><div class=\"thim-grid-posts has-horizontal\"><div class=\"grid-horizontal\">\t\t\t<div class=\"item-post post-1774 post type-post status-publish format-standard has-post-thumbnail hentry category-aportes-a-la-reflexion category-novedades category-lebret\">\n\t\t\t\t<div class=\"article-image\"><img src=\"https:\/\/www.riehlatinoamerica.org\/wp-content\/uploads\/2020\/04\/images.jpg\" alt=\"images\" title=\"images\"  width=\"203\" height=\"249\"><\/div><div class=\"article-wrapper\"><div class=\"date\">19 mayo, 2021<\/div><h5 class=\"title\"><a href=\"https:\/\/www.riehlatinoamerica.org\/wp-content\/uploads\/2021\/05\/3-Lebret-JL.1947.Definicio\u0301n-y-lugar-de-la-economi\u0301a-humana.pdf\" class=\"article-title\">Louis-Joseph Lebret &#8211; Definici\u00f3n y lugar de la Econom\u00eda Humana y Postulados de la Econom\u00eda Humana. 1947<\/a><\/h5><div class=\"desc\"><p><\/p><\/div><a class=\"read-more\" href=\"https:\/\/www.riehlatinoamerica.org\/wp-content\/uploads\/2021\/05\/3-Lebret-JL.1947.Definicio\u0301n-y-lugar-de-la-economi\u0301a-humana.pdf\" >Leer m\u00e1s<i class=\"fa fa-long-arrow-right\"><\/i><\/a><\/div>\t\t\t<\/div>\n\t\t\t\t\t\t<div class=\"item-post post-1708 post type-post status-publish format-standard has-post-thumbnail hentry category-aportes-a-la-reflexion category-novedades category-lebret\">\n\t\t\t\t<div class=\"article-image\"><img src=\"https:\/\/www.riehlatinoamerica.org\/wp-content\/uploads\/2020\/12\/Lebret_Juan-Pablo.jpg\" alt=\"Lebret_Juan Pablo\" title=\"Lebret_Juan Pablo\"  width=\"400\" height=\"267\"><\/div><div class=\"article-wrapper\"><div class=\"date\">8 diciembre, 2020<\/div><h5 class=\"title\"><a href=\"https:\/\/www.riehlatinoamerica.org\/index.php\/2020\/12\/08\/descubrir-a-lebret-hoy-reflexiones-desde-el-sur-andres-lalanne-2020\/\" class=\"article-title\">Descubrir a Lebret hoy. Reflexiones desde el Sur . Andr\u00e9s Lalanne (2020)<\/a><\/h5><div class=\"desc\"><p>Presentaci\u00f3n Lebret fue un hombre inspirado, un militante, un pensador, un hombre...<\/p><\/div><a class=\"read-more\" href=\"https:\/\/www.riehlatinoamerica.org\/index.php\/2020\/12\/08\/descubrir-a-lebret-hoy-reflexiones-desde-el-sur-andres-lalanne-2020\/\" >Leer m\u00e1s<i class=\"fa fa-long-arrow-right\"><\/i><\/a><\/div>\t\t\t<\/div>\n\t\t\t\t\t\t<div class=\"item-post post-1456 post type-post status-publish format-standard has-post-thumbnail hentry category-aportes-a-la-reflexion category-novedades category-lebret category-sin-categoria\">\n\t\t\t\t<div class=\"article-image\"><img src=\"https:\/\/www.riehlatinoamerica.org\/wp-content\/uploads\/2020\/09\/Lebret2.png\" alt=\"Lebret2\" title=\"Lebret2\"  width=\"280\" height=\"362\"><\/div><div class=\"article-wrapper\"><div class=\"date\">15 septiembre, 2020<\/div><h5 class=\"title\"><a href=\"https:\/\/www.riehlatinoamerica.org\/index.php\/2020\/09\/15\/lebret-por-bernard-lecomte-03-07-20\/\" class=\"article-title\">Lebret por Bernard Lecomte (03 07 20)<\/a><\/h5><div class=\"desc\"><p>En 1947, asisto a las Facultades Cat\u00f3licas de Lille, donde fui estudiante...<\/p><\/div><a class=\"read-more\" href=\"https:\/\/www.riehlatinoamerica.org\/index.php\/2020\/09\/15\/lebret-por-bernard-lecomte-03-07-20\/\" >Leer m\u00e1s<i class=\"fa fa-long-arrow-right\"><\/i><\/a><\/div>\t\t\t<\/div>\n\t\t\t\t\t\t<div class=\"item-post post-566 post type-post status-publish format-standard has-post-thumbnail hentry category-lebret category-sin-categoria\">\n\t\t\t\t<div class=\"article-image\"><img src=\"https:\/\/www.riehlatinoamerica.org\/wp-content\/uploads\/2020\/04\/lebret-pionero.jpg\" alt=\"lebret-pionero\" title=\"lebret-pionero\"  width=\"383\" height=\"290\"><\/div><div class=\"article-wrapper\"><div class=\"date\">26 abril, 2020<\/div><h5 class=\"title\"><a href=\"https:\/\/www.riehlatinoamerica.org\/index.php\/2020\/04\/26\/video-louis-joseph-lebret-1897-1966\/\" class=\"article-title\">Video: Louis Joseph Lebret (1897-1966).<\/a><\/h5><div class=\"desc\"><p>https:\/\/www.youtube.com\/watch?v=06nF7EODp0A<\/p><\/div><a class=\"read-more\" href=\"https:\/\/www.riehlatinoamerica.org\/index.php\/2020\/04\/26\/video-louis-joseph-lebret-1897-1966\/\" >Leer m\u00e1s<i class=\"fa fa-long-arrow-right\"><\/i><\/a><\/div>\t\t\t<\/div>\n\t\t\t\t\t\t<div class=\"item-post post-562 post type-post status-publish format-standard has-post-thumbnail hentry category-lebret\">\n\t\t\t\t<div class=\"article-image\"><img src=\"https:\/\/www.riehlatinoamerica.org\/wp-content\/uploads\/2020\/04\/LJLebret_unesco.jpg\" alt=\"LJLebret_unesco\" title=\"LJLebret_unesco\"  width=\"250\" height=\"175\"><\/div><div class=\"article-wrapper\"><div class=\"date\">26 abril, 2020<\/div><h5 class=\"title\"><a href=\"https:\/\/dialnet.unirioja.es\/descarga\/articulo\/6471686.pdf\" class=\"article-title\">Louis-Joseph Lebret, una vida al servicio de los hombres<\/a><\/h5><div class=\"desc\"><p><\/p><\/div><a class=\"read-more\" href=\"https:\/\/dialnet.unirioja.es\/descarga\/articulo\/6471686.pdf\" >Leer m\u00e1s<i class=\"fa fa-long-arrow-right\"><\/i><\/a><\/div>\t\t\t<\/div>\n\t\t\t<\/div><\/div><\/div><\/div><\/div><\/div><\/div><\/div>","protected":false},"excerpt":{"rendered":"<p>Fragmento de las palabras del Prof. Jos\u00e9 Rilla en el acto de reconocimientos de la Universidad CLAEH. \u201cHay una foto de Lebret que se ha transformado en un \u00edcono y &hellip; <\/p>\n","protected":false},"author":2,"featured_media":0,"parent":0,"menu_order":0,"comment_status":"closed","ping_status":"closed","template":"","meta":{"_bbp_topic_count":0,"_bbp_reply_count":0,"_bbp_total_topic_count":0,"_bbp_total_reply_count":0,"_bbp_voice_count":0,"_bbp_anonymous_reply_count":0,"_bbp_topic_count_hidden":0,"_bbp_reply_count_hidden":0,"_bbp_forum_subforum_count":0,"spay_email":"","_links_to":"","_links_to_target":""},"_links":{"self":[{"href":"https:\/\/www.riehlatinoamerica.org\/index.php\/wp-json\/wp\/v2\/pages\/544"}],"collection":[{"href":"https:\/\/www.riehlatinoamerica.org\/index.php\/wp-json\/wp\/v2\/pages"}],"about":[{"href":"https:\/\/www.riehlatinoamerica.org\/index.php\/wp-json\/wp\/v2\/types\/page"}],"author":[{"embeddable":true,"href":"https:\/\/www.riehlatinoamerica.org\/index.php\/wp-json\/wp\/v2\/users\/2"}],"replies":[{"embeddable":true,"href":"https:\/\/www.riehlatinoamerica.org\/index.php\/wp-json\/wp\/v2\/comments?post=544"}],"version-history":[{"count":22,"href":"https:\/\/www.riehlatinoamerica.org\/index.php\/wp-json\/wp\/v2\/pages\/544\/revisions"}],"predecessor-version":[{"id":3156,"href":"https:\/\/www.riehlatinoamerica.org\/index.php\/wp-json\/wp\/v2\/pages\/544\/revisions\/3156"}],"wp:attachment":[{"href":"https:\/\/www.riehlatinoamerica.org\/index.php\/wp-json\/wp\/v2\/media?parent=544"}],"curies":[{"name":"wp","href":"https:\/\/api.w.org\/{rel}","templated":true}]}}