{"id":834,"date":"2020-07-13T19:08:41","date_gmt":"2020-07-13T22:08:41","guid":{"rendered":"https:\/\/www.riehlatinoamerica.org\/?page_id=834"},"modified":"2020-07-13T19:58:59","modified_gmt":"2020-07-13T22:58:59","slug":"integracion-rieh-la","status":"publish","type":"page","link":"https:\/\/www.riehlatinoamerica.org\/index.php\/integracion-rieh-la\/","title":{"rendered":"Integraci\u00f3n RIEH LA"},"content":{"rendered":"<div id=\"pl-834\"  class=\"panel-layout\" ><div id=\"pg-834-0\"  class=\"panel-grid panel-no-style\" ><div id=\"pgc-834-0-0\"  class=\"panel-grid-cell\" ><div id=\"panel-834-0-0-0\" class=\"so-panel widget widget_sow-editor panel-first-child panel-last-child\" data-index=\"0\" ><div\n\t\t\t\n\t\t\tclass=\"so-widget-sow-editor so-widget-sow-editor-base\"\n\t\t\t\n\t\t>\n<div class=\"siteorigin-widget-tinymce textwidget\">\n\t<h3 style=\"text-align: center;\">La red latinoamericana alcanza a todo el subcontinente sudamericano, Am\u00e9rica Central y M\u00e9xico, y las islas del Caribe con habla espa\u00f1ola o portuguesa.<\/h3>\n<\/div>\n<\/div><\/div><\/div><\/div><div id=\"pg-834-1\"  class=\"panel-grid panel-no-style\" ><div id=\"pgc-834-1-0\"  class=\"panel-grid-cell\" ><div id=\"panel-834-1-0-0\" class=\"so-panel widget widget_sow-editor panel-first-child panel-last-child\" data-index=\"1\" ><div\n\t\t\t\n\t\t\tclass=\"so-widget-sow-editor so-widget-sow-editor-base\"\n\t\t\t\n\t\t>\n<div class=\"siteorigin-widget-tinymce textwidget\">\n\t<h2><span style=\"color: #cd005b;\">Pa\u00edses y coordinadores designados:<\/span><\/h2>\n<ul>\n<li>Argentina:\u00a0 Eloy Mealla<\/li>\n<li>Brasil:\u00a0 Lucas Cestaro<\/li>\n<li>Chile: Mario Radrig\u00e1n<\/li>\n<li>Colombia: Mar\u00eda G. Daza<\/li>\n<li>Costa Rica: Jorge Ch\u00e1vez<\/li>\n<li>El Salvador: Andrew Cummings<\/li>\n<li>Guatemala: Pablo Hurtado<\/li>\n<li>M\u00e9xico: Oralia Carrillo<\/li>\n<li>Nicaragua: Jairo Rojas<\/li>\n<li>Per\u00fa: Michel Azcueta<\/li>\n<li>Uruguay: Juli\u00e1n Suquilvide<\/li>\n<li>Venezuela: Francisco Gonz\u00e1lez<\/li>\n<\/ul>\n<p style=\"text-align: center;\"><strong>Coordinador para el continente Andr\u00e9s Lalanne<\/strong><\/p>\n<\/div>\n<\/div><\/div><\/div><div id=\"pgc-834-1-1\"  class=\"panel-grid-cell\" ><div id=\"panel-834-1-1-0\" class=\"so-panel widget widget_media_image panel-first-child panel-last-child\" data-index=\"2\" ><img width=\"535\" height=\"638\" src=\"https:\/\/www.riehlatinoamerica.org\/wp-content\/uploads\/2020\/07\/RIEH_LA2-535x638.gif\" class=\"image wp-image-835  attachment-535x638 size-535x638\" alt=\"\" loading=\"lazy\" style=\"max-width: 100%; height: auto;\" srcset=\"https:\/\/www.riehlatinoamerica.org\/wp-content\/uploads\/2020\/07\/RIEH_LA2-535x638.gif 535w, https:\/\/www.riehlatinoamerica.org\/wp-content\/uploads\/2020\/07\/RIEH_LA2-252x300.gif 252w\" sizes=\"(max-width: 535px) 100vw, 535px\" \/><\/div><\/div><\/div><\/div>","protected":false},"excerpt":{"rendered":"<p>La red latinoamericana alcanza a todo el subcontinente sudamericano, Am\u00e9rica Central y M\u00e9xico, y las islas del Caribe con habla espa\u00f1ola o portuguesa. Pa\u00edses y coordinadores designados: Argentina:\u00a0 Eloy Mealla &hellip; <\/p>\n","protected":false},"author":2,"featured_media":0,"parent":0,"menu_order":0,"comment_status":"closed","ping_status":"closed","template":"","meta":{"_bbp_topic_count":0,"_bbp_reply_count":0,"_bbp_total_topic_count":0,"_bbp_total_reply_count":0,"_bbp_voice_count":0,"_bbp_anonymous_reply_count":0,"_bbp_topic_count_hidden":0,"_bbp_reply_count_hidden":0,"_bbp_forum_subforum_count":0,"spay_email":"","_links_to":"","_links_to_target":""},"_links":{"self":[{"href":"https:\/\/www.riehlatinoamerica.org\/index.php\/wp-json\/wp\/v2\/pages\/834"}],"collection":[{"href":"https:\/\/www.riehlatinoamerica.org\/index.php\/wp-json\/wp\/v2\/pages"}],"about":[{"href":"https:\/\/www.riehlatinoamerica.org\/index.php\/wp-json\/wp\/v2\/types\/page"}],"author":[{"embeddable":true,"href":"https:\/\/www.riehlatinoamerica.org\/index.php\/wp-json\/wp\/v2\/users\/2"}],"replies":[{"embeddable":true,"href":"https:\/\/www.riehlatinoamerica.org\/index.php\/wp-json\/wp\/v2\/comments?post=834"}],"version-history":[{"count":27,"href":"https:\/\/www.riehlatinoamerica.org\/index.php\/wp-json\/wp\/v2\/pages\/834\/revisions"}],"predecessor-version":[{"id":862,"href":"https:\/\/www.riehlatinoamerica.org\/index.php\/wp-json\/wp\/v2\/pages\/834\/revisions\/862"}],"wp:attachment":[{"href":"https:\/\/www.riehlatinoamerica.org\/index.php\/wp-json\/wp\/v2\/media?parent=834"}],"curies":[{"name":"wp","href":"https:\/\/api.w.org\/{rel}","templated":true}]}}